{"id":169,"date":"2026-01-12T22:35:38","date_gmt":"2026-01-12T21:35:38","guid":{"rendered":"https:\/\/nousasso.org\/?page_id=169"},"modified":"2026-03-11T11:17:37","modified_gmt":"2026-03-11T10:17:37","slug":"evenements","status":"publish","type":"page","link":"https:\/\/nousasso.org\/index.php\/evenements\/","title":{"rendered":"\u00c9v\u00e8nements \u00e0 venir"},"content":{"rendered":"\n<p>\ud83d\udcc5 Enregistrez nos prochains \u00e9v\u00e9nements dans votre calendrier en copiant ce \t\t<span \n\t\t\tid=\"ctc-inline-DTlJxpZd\"\n\t\t\tclass=\"ctc-shortcode ctc-shortcode--inline\"\n\t\t\tdata-ctc-copy=\"https:\/\/nousasso.org\/?feed=vsel-ical-feed-cat&amp;event-cat=evenement\"\n\t\t\tdata-ctc-success=\"Copied!\"\n\t\t\tdata-ctc-format=\"text\"\n\t\t\t\t\t\t\t\t\t\t\t\t\trole=\"button\"\n\t\t\t\ttabindex=\"0\"\n\t\t\t\taria-label=\"Copy to clipboard\"\n\t\t\t\t\t>\n\t\t\t<span class=\"ctc-shortcode__text \">lien<\/span>\n\t\t\t<span class=\"ctc-shortcode__icon\" aria-hidden=\"true\"><svg xmlns=\"http:\/\/www.w3.org\/2000\/svg\" fill=\"none\" viewBox=\"0 0 24 24\" stroke=\"currentColor\"><path stroke-linecap=\"round\" stroke-linejoin=\"round\" stroke-width=\"2\" d=\"M8 16H6a2 2 0 01-2-2V6a2 2 0 012-2h8a2 2 0 012 2v2m-6 12h8a2 2 0 002-2v-8a2 2 0 00-2-2h-8a2 2 0 00-2 2v8a2 2 0 002 2z\" \/><\/svg><\/span>\t\t\t<span class=\"ctc-shortcode__success\" aria-live=\"polite\"><\/span>\n\t\t<\/span>\n\t\t<\/p>\n\n\n<div id=\"vsel\" class=\"vsel-shortcode vsel-shortcode-upcoming-events\"><p class=\"vsel-no-events\">Pas d&#039;\u00e9v\u00e8nement planifi\u00e9 pour le moment.<\/p><\/div>\n\n\n<h2 class=\"wp-block-heading\">\u00c9v\u00e8nements pass\u00e9s<\/h2>\n\n\n<div id=\"vsel\" class=\"vsel-shortcode vsel-shortcode-past-events\"><div id=\"event-345\" class=\"vsel-content evenement vsel-past\"><div class=\"vsel-meta vsel-alignleft\" style=\"width:36%;\"><h3 class=\"vsel-meta-title\"><a href=\"https:\/\/nousasso.org\/index.php\/event\/club-de-lecture-matrice-aux-origines-de-la-domination-masculine\/\" rel=\"bookmark\" title=\"Club de lecture: &#8220;Matrice &#8211; Aux origines de la domination masculine&#8221;\">Club de lecture: &#8220;Matrice &#8211; Aux origines de la domination masculine&#8221;<\/a><\/h3><div class=\"vsel-meta-date vsel-meta-single-date\">Date: <span>18.04.26<\/span><\/div><div class=\"vsel-meta-time\">Time: <span>15:00 &#8211; 16:30<\/span><\/div><\/div><div class=\"vsel-info vsel-alignright\" style=\"width:60%;\"><figure class=\"vsel-image vsel-alignright\" style=\"max-width:40%\"><a href=\"https:\/\/nousasso.org\/index.php\/event\/club-de-lecture-matrice-aux-origines-de-la-domination-masculine\/\" rel=\"bookmark\"><img loading=\"lazy\" decoding=\"async\" width=\"1500\" height=\"1001\" src=\"https:\/\/nousasso.org\/wp-content\/uploads\/2026\/01\/book-library-with-open-textbook-1.jpg\" class=\"vsel-image-img wp-post-image\" alt=\"Book in library with open textbook,education learning concept\" srcset=\"https:\/\/nousasso.org\/wp-content\/uploads\/2026\/01\/book-library-with-open-textbook-1.jpg 1500w, https:\/\/nousasso.org\/wp-content\/uploads\/2026\/01\/book-library-with-open-textbook-1-300x200.jpg 300w, https:\/\/nousasso.org\/wp-content\/uploads\/2026\/01\/book-library-with-open-textbook-1-1024x683.jpg 1024w, https:\/\/nousasso.org\/wp-content\/uploads\/2026\/01\/book-library-with-open-textbook-1-768x513.jpg 768w\" sizes=\"auto, (max-width: 1500px) 100vw, 1500px\" \/><\/a><\/figure><div class=\"vsel-text\"><p>Venez discuter avec nous du livre de Claire Alet !<\/p>\n<a class=\"vsel-read-more\" href=\"https:\/\/nousasso.org\/index.php\/event\/club-de-lecture-matrice-aux-origines-de-la-domination-masculine\/\" rel=\"bookmark\">Plus d&#039;infos<\/a><\/div><\/div><\/div><div id=\"event-353\" class=\"vsel-content evenement vsel-past\"><div class=\"vsel-meta vsel-alignleft\" style=\"width:36%;\"><h3 class=\"vsel-meta-title\"><a href=\"https:\/\/nousasso.org\/index.php\/event\/atelier-fermentation\/\" rel=\"bookmark\" title=\"Atelier Fermentation\">Atelier Fermentation<\/a><\/h3><div class=\"vsel-meta-date vsel-meta-single-date\">Date: <span>18.04.26<\/span><\/div><div class=\"vsel-meta-time\">Time: <span>10:00 &#8211; 12:00<\/span><\/div><div class=\"vsel-meta-location\">Location: <span>Schweidlgasse 32, 1020, Wien<\/span><\/div><div class=\"vsel-meta-link\"><a href=\"https:\/\/tally.so\/r\/b589KZ\" rel=\"noopener noreferrer\" rel=\"noreferrer\" target=\"_self\" title=\"https:\/\/tally.so\/r\/b589KZ\">Inscriptions<\/a><\/div><\/div><div class=\"vsel-info vsel-alignright\" style=\"width:60%;\"><figure class=\"vsel-image vsel-alignright\" style=\"max-width:40%\"><a href=\"https:\/\/nousasso.org\/index.php\/event\/atelier-fermentation\/\" rel=\"bookmark\"><img loading=\"lazy\" decoding=\"async\" width=\"1508\" height=\"1509\" src=\"https:\/\/nousasso.org\/wp-content\/uploads\/2026\/04\/WhatsApp-Image-2026-04-10-at-15.37.46.jpeg\" class=\"vsel-image-img wp-post-image\" alt=\"plusieurs pots de fermentation\" srcset=\"https:\/\/nousasso.org\/wp-content\/uploads\/2026\/04\/WhatsApp-Image-2026-04-10-at-15.37.46.jpeg 1508w, https:\/\/nousasso.org\/wp-content\/uploads\/2026\/04\/WhatsApp-Image-2026-04-10-at-15.37.46-300x300.jpeg 300w, https:\/\/nousasso.org\/wp-content\/uploads\/2026\/04\/WhatsApp-Image-2026-04-10-at-15.37.46-1024x1024.jpeg 1024w, https:\/\/nousasso.org\/wp-content\/uploads\/2026\/04\/WhatsApp-Image-2026-04-10-at-15.37.46-150x150.jpeg 150w, https:\/\/nousasso.org\/wp-content\/uploads\/2026\/04\/WhatsApp-Image-2026-04-10-at-15.37.46-768x769.jpeg 768w\" sizes=\"auto, (max-width: 1508px) 100vw, 1508px\" \/><\/a><\/figure><div class=\"vsel-text\"><p>Rejoignez NOUS pour un atelier fermentation !<\/p>\n<p>Au programme : kimchi, chou, carottes ferment\u00e9es, et ail confit !<\/p>\n<p>\ud83d\udcb8 Prix conseill\u00e9 15\u20ac\/pers<\/p>\n<a class=\"vsel-read-more\" href=\"https:\/\/nousasso.org\/index.php\/event\/atelier-fermentation\/\" rel=\"bookmark\">Plus d&#039;infos<\/a><\/div><\/div><\/div><div id=\"event-350\" class=\"vsel-content evenement event vsel-past\"><div class=\"vsel-meta vsel-alignleft\" style=\"width:36%;\"><h3 class=\"vsel-meta-title\"><a href=\"https:\/\/nousasso.org\/index.php\/event\/rudiger-lohlker-fanon-and-mbembe\/\" rel=\"bookmark\" title=\"R\u00fcdiger Lohlker, &#8220;Fanon and Mbembe&#8221;\">R\u00fcdiger Lohlker, &#8220;Fanon and Mbembe&#8221;<\/a><\/h3><div class=\"vsel-meta-date vsel-meta-single-date\">Date: <span>9.04.26<\/span><\/div><div class=\"vsel-meta-time\">Time: <span>17:00 &#8211; 18:30<\/span><\/div><div class=\"vsel-meta-location\">Location: <span>Seminar Room 3, W\u00e4hringer Stra\u00dfe 29, 1st basement floor (1.UG)<\/span><\/div><\/div><div class=\"vsel-info vsel-alignright\" style=\"width:60%;\"><figure class=\"vsel-image vsel-alignright\" style=\"max-width:40%\"><a href=\"https:\/\/nousasso.org\/index.php\/event\/rudiger-lohlker-fanon-and-mbembe\/\" rel=\"bookmark\"><img loading=\"lazy\" decoding=\"async\" width=\"708\" height=\"885\" src=\"https:\/\/nousasso.org\/wp-content\/uploads\/2026\/04\/Screenshot-2026-04-01-121031.png\" class=\"vsel-image-img wp-post-image\" alt=\"Fanon\" srcset=\"https:\/\/nousasso.org\/wp-content\/uploads\/2026\/04\/Screenshot-2026-04-01-121031.png 708w, https:\/\/nousasso.org\/wp-content\/uploads\/2026\/04\/Screenshot-2026-04-01-121031-240x300.png 240w\" sizes=\"auto, (max-width: 708px) 100vw, 708px\" \/><\/a><\/figure><div class=\"vsel-text\"><p>Achille Mbembe is a leading international philosopher, well known for his writing on African and international philosophy. Of his concepts are<br \/>\nNecropolitics and his Politics of enmity (recently translated into German as Politik der Feindschaft). In Politics of enmity he refers to the eminent postcolonial thinker Frantz Fanon, esp. his psychological writings. Reading both authors together we will be able to understand epistemological tools needed in the contemporary situation. Mbembe\u2019s thoughts are indispensable for postcolonial thought.<\/p>\n<p>A collaboration with FAIHS<\/p>\n<a class=\"vsel-read-more\" href=\"https:\/\/nousasso.org\/index.php\/event\/rudiger-lohlker-fanon-and-mbembe\/\" rel=\"bookmark\">Plus d&#039;infos<\/a><\/div><\/div><\/div><div id=\"event-347\" class=\"vsel-content evenement vsel-past\"><div class=\"vsel-meta vsel-alignleft\" style=\"width:36%;\"><h3 class=\"vsel-meta-title\"><a href=\"https:\/\/nousasso.org\/index.php\/event\/quiz-a-nous\/\" rel=\"bookmark\" title=\"Quiz \u00e0 NOUS\">Quiz \u00e0 NOUS<\/a><\/h3><div class=\"vsel-meta-date vsel-meta-single-date\">Date: <span>26.03.26<\/span><\/div><div class=\"vsel-meta-time\">Time: <span>19:00 &#8211; 22:00<\/span><\/div><div class=\"vsel-meta-location\">Location: <span>Beavers Pub, Sch\u00f6nbrunner Stra\u00dfe 98, dans le 5\u00e8me<\/span><\/div><div class=\"vsel-meta-link\"><a href=\"https:\/\/beaverspub.at\/book-a-table\/\" rel=\"noopener noreferrer\" rel=\"noreferrer\" target=\"_self\" title=\"https:\/\/beaverspub.at\/book-a-table\/\">Inscriptions sur le site du beaver; marquez bien que c&#039;est pour le quiz, de pr\u00e9f\u00e9rence avec votre \u00e9quipe<\/a><\/div><\/div><div class=\"vsel-info vsel-alignright\" style=\"width:60%;\"><figure class=\"vsel-image vsel-alignright\" style=\"max-width:40%\"><a href=\"https:\/\/nousasso.org\/index.php\/event\/quiz-a-nous\/\" rel=\"bookmark\"><img loading=\"lazy\" decoding=\"async\" width=\"1080\" height=\"1350\" src=\"https:\/\/nousasso.org\/wp-content\/uploads\/2026\/03\/quiz.png\" class=\"vsel-image-img wp-post-image\" alt=\"quiz\" srcset=\"https:\/\/nousasso.org\/wp-content\/uploads\/2026\/03\/quiz.png 1080w, https:\/\/nousasso.org\/wp-content\/uploads\/2026\/03\/quiz-240x300.png 240w, https:\/\/nousasso.org\/wp-content\/uploads\/2026\/03\/quiz-819x1024.png 819w, https:\/\/nousasso.org\/wp-content\/uploads\/2026\/03\/quiz-768x960.png 768w\" sizes=\"auto, (max-width: 1080px) 100vw, 1080px\" \/><\/a><\/figure><div class=\"vsel-text\"><p>Rejoignez NOUS pour un quiz de culture g\u00e9n\u00e9rale en fran\u00e7ais!<\/p>\n<p>\ud83d\udcb8 3\u20ac\/pers, 2\u20ac\/adh\u00e9rent.e<br \/>\n\ud83d\udc65\ud83d\udc65 \u00c9quipes de 4, avec un maximum de 10 \u00e9quipes<\/p>\n<a class=\"vsel-read-more\" href=\"https:\/\/nousasso.org\/index.php\/event\/quiz-a-nous\/\" rel=\"bookmark\">Plus d&#039;infos<\/a><\/div><\/div><\/div><div id=\"event-333\" class=\"vsel-content evenement event veranstaltung vsel-past\"><div class=\"vsel-meta vsel-alignleft\" style=\"width:36%;\"><h3 class=\"vsel-meta-title\"><a href=\"https:\/\/nousasso.org\/index.php\/event\/a-vos-pancartes\/\" rel=\"bookmark\" title=\"\u00c0 vos pancartes !\">\u00c0 vos pancartes !<\/a><\/h3><div class=\"vsel-meta-date vsel-meta-single-date\">Date: <span>8.03.26<\/span><\/div><div class=\"vsel-meta-time\">Time: <span>11:00 &#8211; 17:00<\/span><\/div><div class=\"vsel-meta-location\">Location: <span>Apollogasse 18, 1070 Vienne (local de l\u2019association N\u00d6US)<\/span><\/div><\/div><div class=\"vsel-info vsel-alignright\" style=\"width:60%;\"><figure class=\"vsel-image vsel-alignright\" style=\"max-width:40%\"><a href=\"https:\/\/nousasso.org\/index.php\/event\/a-vos-pancartes\/\" rel=\"bookmark\"><img loading=\"lazy\" decoding=\"async\" width=\"1536\" height=\"2048\" src=\"https:\/\/nousasso.org\/wp-content\/uploads\/2026\/03\/WhatsApp-Image-2026-03-05-at-10.08.01.jpeg\" class=\"vsel-image-img wp-post-image\" alt=\"WhatsApp Image 2026-03-05 at 10.08.01\" srcset=\"https:\/\/nousasso.org\/wp-content\/uploads\/2026\/03\/WhatsApp-Image-2026-03-05-at-10.08.01.jpeg 1536w, https:\/\/nousasso.org\/wp-content\/uploads\/2026\/03\/WhatsApp-Image-2026-03-05-at-10.08.01-225x300.jpeg 225w, https:\/\/nousasso.org\/wp-content\/uploads\/2026\/03\/WhatsApp-Image-2026-03-05-at-10.08.01-768x1024.jpeg 768w, https:\/\/nousasso.org\/wp-content\/uploads\/2026\/03\/WhatsApp-Image-2026-03-05-at-10.08.01-1152x1536.jpeg 1152w\" sizes=\"auto, (max-width: 1536px) 100vw, 1536px\" \/><\/a><\/figure><div class=\"vsel-text\"><p>\u00c0 l&#8217;occasion de la Journ\u00e9e Internationale des combats f\u00e9ministes, N\u00d6US vous invitons \u00e0 nous rejoindre pour un moment convivial o\u00f9 nous fabriquerons nos pancartes avant de rejoindre ensemble le d\u00e9fil\u00e9 du 8 mars \u270a\ud83d\udc9c<\/p>\n<a class=\"vsel-read-more\" href=\"https:\/\/nousasso.org\/index.php\/event\/a-vos-pancartes\/\" rel=\"bookmark\">Plus d&#039;infos<\/a><\/div><\/div><\/div><div class=\"vsel-nav\"><a href=\"https:\/\/nousasso.org\/index.php\/wp-json\/wp\/v2\/pages\/169\/page\/2\/\" class=\"vsel-next\">Next &raquo;<\/a><\/div><\/div>\n\n\n<p><\/p>\n","protected":false},"excerpt":{"rendered":"<p>\ud83d\udcc5 Enregistrez nos prochains \u00e9v\u00e9nements dans votre calendrier en copiant ce \u00c9v\u00e8nements pass\u00e9s<\/p>\n","protected":false},"author":2,"featured_media":0,"parent":0,"menu_order":0,"comment_status":"closed","ping_status":"closed","template":"","meta":{"site-sidebar-layout":"default","site-content-layout":"","ast-site-content-layout":"default","site-content-style":"default","site-sidebar-style":"default","ast-global-header-display":"","ast-banner-title-visibility":"","ast-main-header-display":"","ast-hfb-above-header-display":"","ast-hfb-below-header-display":"","ast-hfb-mobile-header-display":"","site-post-title":"","ast-breadcrumbs-content":"","ast-featured-img":"","footer-sml-layout":"","ast-disable-related-posts":"","theme-transparent-header-meta":"","adv-header-id-meta":"","stick-header-meta":"","header-above-stick-meta":"","header-main-stick-meta":"","header-below-stick-meta":"","astra-migrate-meta-layouts":"default","ast-page-background-enabled":"default","ast-page-background-meta":{"desktop":{"background-color":"var(--ast-global-color-5)","background-image":"","background-repeat":"repeat","background-position":"center center","background-size":"auto","background-attachment":"scroll","background-type":"","background-media":"","overlay-type":"","overlay-color":"","overlay-opacity":"","overlay-gradient":""},"tablet":{"background-color":"","background-image":"","background-repeat":"repeat","background-position":"center center","background-size":"auto","background-attachment":"scroll","background-type":"","background-media":"","overlay-type":"","overlay-color":"","overlay-opacity":"","overlay-gradient":""},"mobile":{"background-color":"","background-image":"","background-repeat":"repeat","background-position":"center center","background-size":"auto","background-attachment":"scroll","background-type":"","background-media":"","overlay-type":"","overlay-color":"","overlay-opacity":"","overlay-gradient":""}},"ast-content-background-meta":{"desktop":{"background-color":"var(--ast-global-color-4)","background-image":"","background-repeat":"repeat","background-position":"center center","background-size":"auto","background-attachment":"scroll","background-type":"","background-media":"","overlay-type":"","overlay-color":"","overlay-opacity":"","overlay-gradient":""},"tablet":{"background-color":"var(--ast-global-color-4)","background-image":"","background-repeat":"repeat","background-position":"center center","background-size":"auto","background-attachment":"scroll","background-type":"","background-media":"","overlay-type":"","overlay-color":"","overlay-opacity":"","overlay-gradient":""},"mobile":{"background-color":"var(--ast-global-color-4)","background-image":"","background-repeat":"repeat","background-position":"center center","background-size":"auto","background-attachment":"scroll","background-type":"","background-media":"","overlay-type":"","overlay-color":"","overlay-opacity":"","overlay-gradient":""}},"footnotes":""},"class_list":["post-169","page","type-page","status-publish","hentry"],"_links":{"self":[{"href":"https:\/\/nousasso.org\/index.php\/wp-json\/wp\/v2\/pages\/169","targetHints":{"allow":["GET"]}}],"collection":[{"href":"https:\/\/nousasso.org\/index.php\/wp-json\/wp\/v2\/pages"}],"about":[{"href":"https:\/\/nousasso.org\/index.php\/wp-json\/wp\/v2\/types\/page"}],"author":[{"embeddable":true,"href":"https:\/\/nousasso.org\/index.php\/wp-json\/wp\/v2\/users\/2"}],"replies":[{"embeddable":true,"href":"https:\/\/nousasso.org\/index.php\/wp-json\/wp\/v2\/comments?post=169"}],"version-history":[{"count":13,"href":"https:\/\/nousasso.org\/index.php\/wp-json\/wp\/v2\/pages\/169\/revisions"}],"predecessor-version":[{"id":343,"href":"https:\/\/nousasso.org\/index.php\/wp-json\/wp\/v2\/pages\/169\/revisions\/343"}],"wp:attachment":[{"href":"https:\/\/nousasso.org\/index.php\/wp-json\/wp\/v2\/media?parent=169"}],"curies":[{"name":"wp","href":"https:\/\/api.w.org\/{rel}","templated":true}]}}